{"id":171,"date":"2020-08-06T13:46:56","date_gmt":"2020-08-06T13:46:56","guid":{"rendered":"http:\/\/max-holding.de\/impressum"},"modified":"2020-08-13T07:54:58","modified_gmt":"2020-08-13T07:54:58","slug":"impressum","status":"publish","type":"page","link":"http:\/\/max-holding.de\/en\/impressum","title":{"rendered":"Imprint"},"content":{"rendered":"<div data-colibri-id=\"171-c1\" class=\"style-337 style-local-171-c1 position-relative\">\n  <!---->\n  <div data-colibri-component=\"section\" data-colibri-id=\"171-c2\" id=\"custom\" class=\"h-section h-section-global-spacing d-flex align-items-lg-center align-items-md-center align-items-center style-338 style-local-171-c2 position-relative\">\n    <!---->\n    <!---->\n    <div class=\"h-section-grid-container h-section-boxed-container\">\n      <!---->\n      <div data-colibri-id=\"171-c3\" class=\"h-row-container gutters-row-lg-2 gutters-row-md-2 gutters-row-0 gutters-row-v-lg-2 gutters-row-v-md-2 gutters-row-v-2 style-339 style-local-171-c3 position-relative\">\n        <!---->\n        <div class=\"h-row justify-content-lg-center justify-content-md-center justify-content-center align-items-lg-stretch align-items-md-stretch align-items-stretch gutters-col-lg-2 gutters-col-md-2 gutters-col-0 gutters-col-v-lg-2 gutters-col-v-md-2 gutters-col-v-2\">\n          <!---->\n          <div class=\"h-column h-column-container d-flex h-col-lg-auto h-col-md-auto h-col-auto style-340-outer style-local-171-c4-outer\">\n            <div data-colibri-id=\"171-c4\" class=\"d-flex h-flex-basis h-column__inner h-px-lg-2 h-px-md-2 h-px-2 v-inner-lg-2 v-inner-md-2 v-inner-2 style-340 style-local-171-c4 position-relative\">\n              <!---->\n              <!---->\n              <div class=\"w-100 h-y-container h-column__content h-column__v-align flex-basis-100 align-self-lg-start align-self-md-start align-self-start\">\n                <!---->\n                <div data-colibri-id=\"171-c5\" class=\"h-lead h-text h-text-component style-341 style-local-171-c5 position-relative h-element\">\n                  <!---->\n                  <!---->\n                  <div class=\"\">\n                    <h1>\n                      <br>\n                    <\/h1>\n                    <h2>Angaben gem\u00e4\u00df \u00a7 5 TMG<\/h2>\n                    <p>MAX Advisory GmbH Wendelsteinstrasse 2283098 Brannenburg<\/p>\n                    <p><strong>Vertretungsberechtigter Gesch\u00e4ftsf\u00fchrer: <\/strong>Christoph Max<\/p>\n                    <p><strong>Registergericht:<\/strong> Amtsgericht Traunstein<strong> Registernummer:<\/strong> HRB 27641<\/p>\n                    <h2>Contact<\/h2>\n                    <p>MAX Advisory GmbH Wendelsteinstrasse 22 83098 Brannenburg<\/p>\n                    <h2>Umsatzsteuer-ID<\/h2>\n                    <p>Umsatzsteuer-Identifikationsnummer gem\u00e4\u00df \u00a7 27 a Umsatzsteuergesetz: DE 322280406<\/p>\n                    <h2>Haftungsausschluss:<\/h2>\n                    <h4>Haftung f\u00fcr Inhalte<\/h4>\n                    <p>Als Diensteanbieter sind wir gem\u00e4\u00df \u00a7 7 Abs.1 TMG f\u00fcr eigene Inhalte auf diesen Seiten nach den allgemeinen Gesetzen verantwortlich. Nach \u00a7\u00a7 8 bis 10 TMG sind wir als Diensteanbieter jedoch nicht verpflichtet, \u00fcbermittelte oder gespeicherte\n                      fremde Informationen zu \u00fcberwachen oder nach Umst\u00e4nden zu forschen, die auf eine rechtswidrige T\u00e4tigkeit hinweisen. Verpflichtungen zur Entfernung oder Sperrung der Nutzung von Informationen nach den allgemeinen Gesetzen bleiben\n                      hiervon unber\u00fchrt. Eine diesbez\u00fcgliche Haftung ist jedoch erst ab dem Zeitpunkt der Kenntnis einer konkreten Rechtsverletzung m\u00f6glich. Bei Bekanntwerden von entsprechenden Rechtsverletzungen werden wir diese Inhalte umgehend entfernen.<\/p>\n                    <h4>Haftung f\u00fcr Links<\/h4>\n                    <p>Unser Angebot enth\u00e4lt Links zu externen Webseiten Dritter, auf deren Inhalte wir keinen Einfluss haben. Deshalb k\u00f6nnen wir f\u00fcr diese fremden Inhalte auch keine Gew\u00e4hr \u00fcbernehmen. F\u00fcr die Inhalte der verlinkten Seiten ist stets der\n                      jeweilige Anbieter oder Betreiber der Seiten verantwortlich. Die verlinkten Seiten wurden zum Zeitpunkt der Verlinkung auf m\u00f6gliche Rechtsverst\u00f6\u00dfe \u00fcberpr\u00fcft. Rechtswidrige Inhalte waren zum Zeitpunkt der Verlinkung nicht erkennbar.\n                      Eine permanente inhaltliche Kontrolle der verlinkten Seiten ist jedoch ohne konkrete Anhaltspunkte einer Rechtsverletzung nicht zumutbar. Bei Bekanntwerden von Rechtsverletzungen werden wir derartige Links umgehend entfernen.<\/p>\n                    <h4>Urheberrecht<\/h4>\n                    <p>Die durch die Seitenbetreiber erstellten Inhalte und Werke auf diesen Seiten unterliegen dem deutschen Urheberrecht. Die Vervielf\u00e4ltigung, Bearbeitung, Verbreitung und jede Art der Verwertung au\u00dferhalb der Grenzen des Urheberrechtes\n                      bed\u00fcrfen der schriftlichen Zustimmung des jeweiligen Autors bzw. Erstellers. Downloads und Kopien dieser Seite sind nur f\u00fcr den privaten, nicht kommerziellen Gebrauch gestattet. Soweit die Inhalte auf dieser Seite nicht vom Betreiber\n                      erstellt wurden, werden die Urheberrechte Dritter beachtet. Insbesondere werden Inhalte Dritter als solche gekennzeichnet. Sollten Sie trotzdem auf eine Urheberrechtsverletzung aufmerksam werden, bitten wir um einen entsprechenden\n                      Hinweis. Bei Bekanntwerden von Rechtsverletzungen werden wir derartige Inhalte umgehend entfernen.<\/p>\n                    <h2>Bildnachweis<\/h2>\n                    <p>Hauptphoto: Photo by\n                      <a href=\"https:\/\/stock.adobe.com\/de\" class=\"customize-unpreviewable\" target=\"_blank\" rel=\"noopener\">Adobe Stock <\/a>H\u00e4nde Zahnr\u00e4der: Photo by\n                      <a href=\"https:\/\/stock.adobe.com\/de\" class=\"customize-unpreviewable\" target=\"_blank\" rel=\"noopener\">Adobe Stock<\/a>\n                    <\/p>\n                    <h2>Realisierung der Seite<\/h2>\n                    <p>Inhaltlich Verantwortliche: MAX Advisory GmbH (Anschrift s.o.)<\/p>\n                  <\/div>\n                <\/div>\n              <\/div>\n            <\/div>\n          <\/div>\n        <\/div>\n      <\/div>\n    <\/div>\n  <\/div>\n<\/div>","protected":false},"excerpt":{"rendered":"<p>Angaben gem\u00e4\u00df \u00a7 5 TMG MAX Advisory GmbH Wendelsteinstrasse 2283098 Brannenburg Vertretungsberechtigter Gesch\u00e4ftsf\u00fchrer: Christoph Max Registergericht: Amtsgericht Traunstein Registernummer: HRB 27641 Kontakt MAX Advisory GmbH Wendelsteinstrasse 22 83098 Brannenburg Umsatzsteuer-ID [&hellip;]<\/p>\n","protected":false},"author":1,"featured_media":0,"parent":0,"menu_order":0,"comment_status":"closed","ping_status":"closed","template":"page-templates\/full-width-page.php","meta":{"footnotes":""},"_links":{"self":[{"href":"http:\/\/max-holding.de\/en\/wp-json\/wp\/v2\/pages\/171"}],"collection":[{"href":"http:\/\/max-holding.de\/en\/wp-json\/wp\/v2\/pages"}],"about":[{"href":"http:\/\/max-holding.de\/en\/wp-json\/wp\/v2\/types\/page"}],"author":[{"embeddable":true,"href":"http:\/\/max-holding.de\/en\/wp-json\/wp\/v2\/users\/1"}],"replies":[{"embeddable":true,"href":"http:\/\/max-holding.de\/en\/wp-json\/wp\/v2\/comments?post=171"}],"version-history":[{"count":7,"href":"http:\/\/max-holding.de\/en\/wp-json\/wp\/v2\/pages\/171\/revisions"}],"predecessor-version":[{"id":323,"href":"http:\/\/max-holding.de\/en\/wp-json\/wp\/v2\/pages\/171\/revisions\/323"}],"wp:attachment":[{"href":"http:\/\/max-holding.de\/en\/wp-json\/wp\/v2\/media?parent=171"}],"curies":[{"name":"wp","href":"https:\/\/api.w.org\/{rel}","templated":true}]}}